{"id":1516,"date":"2022-01-21T11:20:24","date_gmt":"2022-01-21T10:20:24","guid":{"rendered":"https:\/\/www.cuadrosgrandesbertaginer.com\/?page_id=1516"},"modified":"2022-09-04T14:54:14","modified_gmt":"2022-09-04T12:54:14","slug":"aviso-legal","status":"publish","type":"page","link":"https:\/\/www.bertaginerart.com\/es\/aviso-legal\/","title":{"rendered":"Aviso Legal"},"content":{"rendered":"<p><\/p>\n\n\n\n<p><\/p>\n\n\n\n<p><\/p>\n\n\n\n<p><\/p>\n\n\n\n<p><\/p>\n\n\n\n<p><\/p>\n\n\n\n<h1 class=\"has-text-align-center wp-block-heading\"><span style=\"color:#c29a7f\" class=\"has-inline-color\">Aviso Legal<\/span><\/h1>\n\n\n\n<p><\/p>\n\n\n\n<p>Est\u00e1s en un espacio comprometido con los derechos de sus usuarios y por esta raz\u00f3n, tendr\u00e1s m\u00e1xima transparencia y rigor sobre todo que necesitas saber sobre esta web.<\/p>\n\n\n\n<p class=\"has-text-align-left\">Esta web cumple rigurosamente con la Ley Org\u00e1nica 3\/2018, de 5 de diciembre, de Protecci\u00f3n de Datos Personales y garant\u00eda de los derechos digitales (LOPDGDD). Cumple tambi\u00e9n con el Reglamento (UE) 2016\/679 del Parlamento Europeo y del Consejo de 27 de abril de 2016 relativo a la protecci\u00f3n de las personas f\u00edsicas (RGPD), as\u00ed como con la Ley 34\/2002, de 11 de julio, de Servicios de la Sociedad de la Informaci\u00f3n y Comercio Electr\u00f3nico (LSSICE o LSSI).<\/p>\n\n\n\n<p><\/p>\n\n\n\n<h2 class=\"has-text-align-left wp-block-heading\"><span style=\"color:#c29a7f\" class=\"has-inline-color\">Identificador del responsable de la web<\/span><\/h2>\n\n\n\n<p><\/p>\n\n\n\n<p class=\"has-text-align-left has-black-color has-text-color\"><\/p>\n\n\n\n<p class=\"has-text-align-left\"><\/p>\n\n\n\n<p><strong>I. INFORMACI\u00d3N GENERAL<\/strong><\/p>\n\n\n\n<p>En cumplimiento con el deber de informaci\u00f3n dispuesto en la Ley 34\/2002 de Servicios de la Sociedad de la Informaci\u00f3n y el Comercio Electr\u00f3nico (LSSI-CE) de 11 de julio, se facilitan a continuaci\u00f3n los siguientes datos de informaci\u00f3n general de este sitio web: La titularidad de este sitio web, <a href=\"https:\/\/www.bertaginerart.com\/es\/\">bertaginerart.com<\/a>, (en adelante, Sitio Web) la ostenta: Berta Giner, con NIF: 51449680Z, y cuyos datos de contacto son: Direcci\u00f3n: <br>Avenida de Esparta, 28232 Las Rozas (Madrid), Tel\u00e9fono de contacto: 661 23 17 40,\u00a0 Email de contacto:\u00a0<a href=\"mailto:info@cuadrosgrandesbertaginer.com\">info@bertaginerart.com<\/a><\/p>\n\n\n\n<p><\/p>\n\n\n\n<p><\/p>\n\n\n\n<h2 class=\"wp-block-heading\"><span style=\"color:#c29a7f\" class=\"has-inline-color\">\u00bfTe preocupan tus datos personales?<\/span><\/h2>\n\n\n\n<p>Lee la Pol\u00edtica de Privacidad.<\/p>\n\n\n\n<h2 class=\"wp-block-heading\"><span style=\"color:#c29a7f\" class=\"has-inline-color\">Compromisos y obligaciones de los usuarios<\/span><\/h2>\n\n\n\n<p>El usuario queda informado, y acepta, que el acceso a la presente web no supone, en modo alguno, el inicio de una relaci\u00f3n comercial con Cuadros Grandes Berta Giner. De esta forma, el usuario se compromete a utilizar el sitio web, sus servicios y contenidos sin contravenir la legislaci\u00f3n vigente, la buena fe y el orden p\u00fablico.<\/p>\n\n\n\n<p>Queda prohibido el uso de la web, con fines il\u00edcitos o lesivos, o que, de cualquier forma, puedan causar perjuicio o impedir el normal funcionamiento del sitio web. Respecto de los contenidos de esta web, se proh\u00edbe:<\/p>\n\n\n\n<ul class=\"wp-block-list\"><li>Su reproducci\u00f3n, distribuci\u00f3n o modificaci\u00f3n, total o parcial, a menos que se cuente con mi autorizaci\u00f3n como leg\u00edtimo titular.<\/li><li>Cualquier vulneraci\u00f3n de los derechos del prestador o de mi como leg\u00edtimo titular.<\/li><li>Su utilizaci\u00f3n para fines comerciales o publicitarios.<\/li><\/ul>\n\n\n\n<p>En la utilizaci\u00f3n de la web  <a href=\"https:\/\/www.bertaginerart.com\/es\/\">bertaginerart.com<\/a>  el usuario se compromete a no llevar a cabo ninguna conducta que pudiera da\u00f1ar la imagen, los intereses y los derechos de Cuadros Grandes Berta Giner. o de terceros, o que pudiera da\u00f1ar, inutilizar o sobrecargar el portal  <a href=\"https:\/\/www.bertaginerart.com\/es\/\">bertaginerart.com<\/a>  o que impidiera, de cualquier forma, la normal utilizaci\u00f3n de la web.<\/p>\n\n\n\n<p>No obstante, el usuario debe ser consciente de que las medidas de seguridad de los sistemas inform\u00e1ticos en Internet no son enteramente fiables y que, por tanto,  <a href=\"https:\/\/www.bertaginerart.com\/es\/\">bertaginerart.com<\/a>  no puede garantizar la inexistencia de malware u otros elementos que puedan producir alteraciones en los sistemas inform\u00e1ticos (software y hardware) del usuario o en sus documentos electr\u00f3nicos y ficheros contenidos en los mismos, aunque pongo todos los medios necesarios y las medidas de seguridad oportunas para evitar la presencia de estos elementos da\u00f1inos.<\/p>\n\n\n\n<h2 class=\"wp-block-heading\"><span style=\"color:#c29a7f\" class=\"has-inline-color\">Medidas de seguridad<\/span><\/h2>\n\n\n\n<p class=\"has-black-color has-text-color\">Los datos personales comunicados por el usuario a  <a href=\"https:\/\/www.bertaginerart.com\/es\/\">bertaginerart.com<\/a>  pueden ser almacenados en bases de datos automatizadas o no, cuya titularidad corresponde en exclusiva a Berta Giner,  asumiendo \u00e9sta todas las medidas de \u00edndole t\u00e9cnica, organizativa y de seguridad que garantizan la confidencialidad, integridad y calidad de la informaci\u00f3n contenida en las mismas de acuerdo con lo establecido en la normativa vigente en protecci\u00f3n de datos.<\/p>\n\n\n\n<p class=\"has-black-color has-text-color\">La comunicaci\u00f3n entre los usuarios y <a href=\"http:\/\/www.cuadrosgrandesbertaginer.com\"> <a href=\"https:\/\/www.bertaginerart.com\/es\/\">bertaginerart.com<\/a> <\/a>\u00a0 utiliza un canal seguro, y los datos transmitidos son cifrados gracias al protocolo https, por tanto, dispongo las mejores condiciones de seguridad para que la confidencialidad de los usuarios est\u00e9 garantizada.<\/p>\n\n\n\n<h2 class=\"wp-block-heading\"><span style=\"color:#c29a7f\" class=\"has-inline-color\">Plataforma de resoluci\u00f3n de conflictos<\/span><\/h2>\n\n\n\n<p class=\"has-black-color has-text-color\">Pongo tambi\u00e9n a disposici\u00f3n de los usuarios la plataforma de resoluci\u00f3n de litigios que facilita la Comisi\u00f3n Europea y que se encuentra disponible en el siguiente enlace: <a href=\"http:\/\/ec.europa.eu\/consumers\/odr\/\">http:\/\/ec.europa.eu\/consumers\/odr\/<\/a><\/p>\n\n\n\n<h2 class=\"wp-block-heading\"><span style=\"color:#c29a7f\" class=\"has-inline-color\">Exclusi\u00f3n de garant\u00edas y responsable<\/span><\/h2>\n\n\n\n<p>Cuadros Grandes Berta Giner no otorga ninguna garant\u00eda ni se hace responsable, en ning\u00fan caso, de los da\u00f1os y perjuicios de cualquier naturaleza que pudieran traer causa de:<\/p>\n\n\n\n<ul class=\"wp-block-list\"><li>La falta de disponibilidad, mantenimiento y efectivo funcionamiento de la web, o de sus servicios y contenidos.<\/li><li>La existencia de malware, programas maliciosos o lesivos en los contenidos.<\/li><li>El uso il\u00edcito, negligente, fraudulento o contrario a este Aviso Legal.<\/li><li>La falta de licitud, calidad, fiabilidad, utilidad y disponibilidad de los servicios prestados por terceros y puestos a disposici\u00f3n de los usuarios en el sitio web.<\/li><li>El prestador no se hace responsable bajo ning\u00fan concepto de los da\u00f1os que pudieran dimanar del uso ilegal o indebido de la presente p\u00e1gina web.<\/li><\/ul>\n\n\n\n<h2 class=\"wp-block-heading\"><span style=\"color:#c29a7f\" class=\"has-inline-color\">Ley aplicable y jurisdicci\u00f3n<\/span><\/h2>\n\n\n\n<p>Con car\u00e1cter general las relaciones entre Cuadros Grandes Berta Giner y los usuarios de sus servicios telem\u00e1ticos presentes en esta web, se encuentran sometidas a la legislaci\u00f3n y jurisdicci\u00f3n espa\u00f1olas y a los tribunales de Madrid.<\/p>\n\n\n\n<p class=\"has-black-color has-text-color\">En caso de que cualquier usuario tuviese alguna duda acerca de las condiciones de este Aviso Legal o cualquier comentario sobre el portal  <a href=\"https:\/\/www.bertaginerart.com\/es\/\"><a href=\"https:\/\/www.bertaginerart.com\/es\/\">bertaginerart.com<\/a><\/a> , por favor dir\u00edjase a <a href=\"mailto:info@cuadrosgrandesbertaginer.com\" target=\"_blank\" rel=\"noreferrer noopener\">info@cuadrosgrandesbertaginer.com<\/a> El Aviso Legal ha sido actualizado por \u00faltima vez el 20 de enero de 2022<\/p>","protected":false},"excerpt":{"rendered":"<p>Aviso Legal Est\u00e1s en un espacio comprometido con los derechos de sus usuarios y por esta raz\u00f3n, tendr\u00e1s m\u00e1xima transparencia y rigor sobre todo que necesitas saber sobre esta web. Esta web cumple rigurosamente con la Ley Org\u00e1nica 3\/2018, de 5 de diciembre, de Protecci\u00f3n de Datos Personales y garant\u00eda de los derechos digitales (LOPDGDD). [&hellip;]<\/p>","protected":false},"author":1,"featured_media":0,"parent":0,"menu_order":0,"comment_status":"closed","ping_status":"closed","template":"elementor_header_footer","meta":{"_vp_format_video_url":"","_vp_image_focal_point":[],"_joinchat":[],"footnotes":""},"class_list":["post-1516","page","type-page","status-publish","hentry"],"yoast_head":"<!-- This site is optimized with the Yoast SEO plugin v23.8 - https:\/\/yoast.com\/wordpress\/plugins\/seo\/ -->\n<title>Aviso Legal - Cuadros Grandes<\/title>\n<meta name=\"robots\" content=\"noindex, nofollow\" \/>\n<meta property=\"og:locale\" content=\"es_ES\" \/>\n<meta property=\"og:type\" content=\"article\" \/>\n<meta property=\"og:title\" content=\"Aviso Legal - Cuadros Grandes\" \/>\n<meta property=\"og:description\" content=\"Aviso Legal Est\u00e1s en un espacio comprometido con los derechos de sus usuarios y por esta raz\u00f3n, tendr\u00e1s m\u00e1xima transparencia y rigor sobre todo que necesitas saber sobre esta web. Esta web cumple rigurosamente con la Ley Org\u00e1nica 3\/2018, de 5 de diciembre, de Protecci\u00f3n de Datos Personales y garant\u00eda de los derechos digitales (LOPDGDD). [&hellip;]\" \/>\n<meta property=\"og:url\" content=\"https:\/\/www.bertaginerart.com\/es\/aviso-legal\/\" \/>\n<meta property=\"og:site_name\" content=\"Cuadros Grandes\" \/>\n<meta property=\"article:modified_time\" content=\"2022-09-04T12:54:14+00:00\" \/>\n<meta name=\"twitter:card\" content=\"summary_large_image\" \/>\n<meta name=\"twitter:label1\" content=\"Tiempo de lectura\" \/>\n\t<meta name=\"twitter:data1\" content=\"4 minutos\" \/>\n<script type=\"application\/ld+json\" class=\"yoast-schema-graph\">{\"@context\":\"https:\/\/schema.org\",\"@graph\":[{\"@type\":\"WebPage\",\"@id\":\"https:\/\/www.bertaginerart.com\/aviso-legal\/\",\"url\":\"https:\/\/www.bertaginerart.com\/aviso-legal\/\",\"name\":\"Aviso Legal - Cuadros Grandes\",\"isPartOf\":{\"@id\":\"https:\/\/www.bertaginerart.com\/#website\"},\"datePublished\":\"2022-01-21T10:20:24+00:00\",\"dateModified\":\"2022-09-04T12:54:14+00:00\",\"breadcrumb\":{\"@id\":\"https:\/\/www.bertaginerart.com\/aviso-legal\/#breadcrumb\"},\"inLanguage\":\"es\",\"potentialAction\":[{\"@type\":\"ReadAction\",\"target\":[\"https:\/\/www.bertaginerart.com\/aviso-legal\/\"]}]},{\"@type\":\"BreadcrumbList\",\"@id\":\"https:\/\/www.bertaginerart.com\/aviso-legal\/#breadcrumb\",\"itemListElement\":[{\"@type\":\"ListItem\",\"position\":1,\"name\":\"Portada\",\"item\":\"https:\/\/www.bertaginerart.com\/\"},{\"@type\":\"ListItem\",\"position\":2,\"name\":\"Aviso Legal\"}]},{\"@type\":\"WebSite\",\"@id\":\"https:\/\/www.bertaginerart.com\/#website\",\"url\":\"https:\/\/www.bertaginerart.com\/\",\"name\":\"Cuadros Grandes\",\"description\":\"Cuadros grandes abstractos pintados a mano. Cuadros modernos gran formato\",\"publisher\":{\"@id\":\"https:\/\/www.bertaginerart.com\/#organization\"},\"potentialAction\":[{\"@type\":\"SearchAction\",\"target\":{\"@type\":\"EntryPoint\",\"urlTemplate\":\"https:\/\/www.bertaginerart.com\/?s={search_term_string}\"},\"query-input\":{\"@type\":\"PropertyValueSpecification\",\"valueRequired\":true,\"valueName\":\"search_term_string\"}}],\"inLanguage\":\"es\"},{\"@type\":\"Organization\",\"@id\":\"https:\/\/www.bertaginerart.com\/#organization\",\"name\":\"Cuadros Grandes Berta Giner\",\"url\":\"https:\/\/www.bertaginerart.com\/\",\"logo\":{\"@type\":\"ImageObject\",\"inLanguage\":\"es\",\"@id\":\"https:\/\/www.bertaginerart.com\/#\/schema\/logo\/image\/\",\"url\":\"\",\"contentUrl\":\"\",\"caption\":\"Cuadros Grandes Berta Giner\"},\"image\":{\"@id\":\"https:\/\/www.bertaginerart.com\/#\/schema\/logo\/image\/\"}}]}<\/script>\n<!-- \/ Yoast SEO plugin. -->","yoast_head_json":{"title":"Aviso Legal - Cuadros Grandes","robots":{"index":"noindex","follow":"nofollow"},"og_locale":"es_ES","og_type":"article","og_title":"Aviso Legal - Cuadros Grandes","og_description":"Aviso Legal Est\u00e1s en un espacio comprometido con los derechos de sus usuarios y por esta raz\u00f3n, tendr\u00e1s m\u00e1xima transparencia y rigor sobre todo que necesitas saber sobre esta web. Esta web cumple rigurosamente con la Ley Org\u00e1nica 3\/2018, de 5 de diciembre, de Protecci\u00f3n de Datos Personales y garant\u00eda de los derechos digitales (LOPDGDD). [&hellip;]","og_url":"https:\/\/www.bertaginerart.com\/es\/aviso-legal\/","og_site_name":"Cuadros Grandes","article_modified_time":"2022-09-04T12:54:14+00:00","twitter_card":"summary_large_image","twitter_misc":{"Tiempo de lectura":"4 minutos"},"schema":{"@context":"https:\/\/schema.org","@graph":[{"@type":"WebPage","@id":"https:\/\/www.bertaginerart.com\/aviso-legal\/","url":"https:\/\/www.bertaginerart.com\/aviso-legal\/","name":"Aviso Legal - Cuadros Grandes","isPartOf":{"@id":"https:\/\/www.bertaginerart.com\/#website"},"datePublished":"2022-01-21T10:20:24+00:00","dateModified":"2022-09-04T12:54:14+00:00","breadcrumb":{"@id":"https:\/\/www.bertaginerart.com\/aviso-legal\/#breadcrumb"},"inLanguage":"es","potentialAction":[{"@type":"ReadAction","target":["https:\/\/www.bertaginerart.com\/aviso-legal\/"]}]},{"@type":"BreadcrumbList","@id":"https:\/\/www.bertaginerart.com\/aviso-legal\/#breadcrumb","itemListElement":[{"@type":"ListItem","position":1,"name":"Portada","item":"https:\/\/www.bertaginerart.com\/"},{"@type":"ListItem","position":2,"name":"Aviso Legal"}]},{"@type":"WebSite","@id":"https:\/\/www.bertaginerart.com\/#website","url":"https:\/\/www.bertaginerart.com\/","name":"Cuadros Grandes","description":"Cuadros grandes abstractos pintados a mano. Cuadros modernos gran formato","publisher":{"@id":"https:\/\/www.bertaginerart.com\/#organization"},"potentialAction":[{"@type":"SearchAction","target":{"@type":"EntryPoint","urlTemplate":"https:\/\/www.bertaginerart.com\/?s={search_term_string}"},"query-input":{"@type":"PropertyValueSpecification","valueRequired":true,"valueName":"search_term_string"}}],"inLanguage":"es"},{"@type":"Organization","@id":"https:\/\/www.bertaginerart.com\/#organization","name":"Cuadros Grandes Berta Giner","url":"https:\/\/www.bertaginerart.com\/","logo":{"@type":"ImageObject","inLanguage":"es","@id":"https:\/\/www.bertaginerart.com\/#\/schema\/logo\/image\/","url":"","contentUrl":"","caption":"Cuadros Grandes Berta Giner"},"image":{"@id":"https:\/\/www.bertaginerart.com\/#\/schema\/logo\/image\/"}}]}},"_links":{"self":[{"href":"https:\/\/www.bertaginerart.com\/es\/wp-json\/wp\/v2\/pages\/1516","targetHints":{"allow":["GET"]}}],"collection":[{"href":"https:\/\/www.bertaginerart.com\/es\/wp-json\/wp\/v2\/pages"}],"about":[{"href":"https:\/\/www.bertaginerart.com\/es\/wp-json\/wp\/v2\/types\/page"}],"author":[{"embeddable":true,"href":"https:\/\/www.bertaginerart.com\/es\/wp-json\/wp\/v2\/users\/1"}],"replies":[{"embeddable":true,"href":"https:\/\/www.bertaginerart.com\/es\/wp-json\/wp\/v2\/comments?post=1516"}],"version-history":[{"count":8,"href":"https:\/\/www.bertaginerart.com\/es\/wp-json\/wp\/v2\/pages\/1516\/revisions"}],"predecessor-version":[{"id":3323,"href":"https:\/\/www.bertaginerart.com\/es\/wp-json\/wp\/v2\/pages\/1516\/revisions\/3323"}],"wp:attachment":[{"href":"https:\/\/www.bertaginerart.com\/es\/wp-json\/wp\/v2\/media?parent=1516"}],"curies":[{"name":"wp","href":"https:\/\/api.w.org\/{rel}","templated":true}]}}